{"id":80,"date":"2019-03-16T11:32:57","date_gmt":"2019-03-16T11:32:57","guid":{"rendered":"http:\/\/www.retrosisters.fi\/?page_id=80"},"modified":"2022-02-27T07:53:45","modified_gmt":"2022-02-27T07:53:45","slug":"ota-yhteytta","status":"publish","type":"page","link":"https:\/\/www.retrosisters.fi\/?page_id=80","title":{"rendered":"Ota yhteytt\u00e4"},"content":{"rendered":"<p style=\"text-align: left;\">Yrityksesi juhlat kaipaavat esiintyj\u00e4\u00e4? Merkkip\u00e4iv\u00e4t tulossa? Tanssijalkaa kutkuttaa? Kiinnostuitko?\u00a0<\/p>\r\n<p style=\"text-align: left;\">Ota rohkeasti yhteytt\u00e4, hinta sovitaan yksil\u00f6llisesti kunkin tilaisuuden mukaan.<\/p>\r\n\r\n\r\n\r\n<p style=\"text-align: left;\"><a href=\"mailto:info@retrosisters.fi\">info@retrosisters.fi<\/a><br \/>Katriina Kerppola<a href=\"tel:+358407065238\" rel=\"noopener noreferrer\"> +358 40 7065238<\/a><\/p>\r\n<p style=\"text-align: center;\">\r\n\r\n<\/p>\r\n<p style=\"text-align: center;\">\u00a0<\/p>\r\n<p style=\"text-align: center;\">\r\n\r\n<\/p>\r\n<p style=\"text-align: center;\">\u00a0<\/p>\r\n<p style=\"text-align: center;\"><\/p>","protected":false},"excerpt":{"rendered":"<p>Yrityksesi juhlat kaipaavat esiintyj\u00e4\u00e4? Merkkip\u00e4iv\u00e4t tulossa? Tanssijalkaa kutkuttaa? Kiinnostuitko?\u00a0 Ota rohkeasti yhteytt\u00e4, hinta sovitaan yksil\u00f6llisesti kunkin tilaisuuden mukaan. info@retrosisters.fiKatriina Kerppola +358 40 7065238 \u00a0 \u00a0<\/p>\n","protected":false},"author":1,"featured_media":0,"parent":0,"menu_order":0,"comment_status":"closed","ping_status":"closed","template":"","meta":{"footnotes":""},"class_list":["post-80","page","type-page","status-publish","hentry"],"_links":{"self":[{"href":"https:\/\/www.retrosisters.fi\/index.php?rest_route=\/wp\/v2\/pages\/80","targetHints":{"allow":["GET"]}}],"collection":[{"href":"https:\/\/www.retrosisters.fi\/index.php?rest_route=\/wp\/v2\/pages"}],"about":[{"href":"https:\/\/www.retrosisters.fi\/index.php?rest_route=\/wp\/v2\/types\/page"}],"author":[{"embeddable":true,"href":"https:\/\/www.retrosisters.fi\/index.php?rest_route=\/wp\/v2\/users\/1"}],"replies":[{"embeddable":true,"href":"https:\/\/www.retrosisters.fi\/index.php?rest_route=%2Fwp%2Fv2%2Fcomments&post=80"}],"version-history":[{"count":21,"href":"https:\/\/www.retrosisters.fi\/index.php?rest_route=\/wp\/v2\/pages\/80\/revisions"}],"predecessor-version":[{"id":1036,"href":"https:\/\/www.retrosisters.fi\/index.php?rest_route=\/wp\/v2\/pages\/80\/revisions\/1036"}],"wp:attachment":[{"href":"https:\/\/www.retrosisters.fi\/index.php?rest_route=%2Fwp%2Fv2%2Fmedia&parent=80"}],"curies":[{"name":"wp","href":"https:\/\/api.w.org\/{rel}","templated":true}]}}