{"id":76,"date":"2019-03-16T11:26:35","date_gmt":"2019-03-16T11:26:35","guid":{"rendered":"http:\/\/www.retrosisters.fi\/?page_id=76"},"modified":"2024-06-24T08:00:01","modified_gmt":"2024-06-24T08:00:01","slug":"2019-tapahtumia","status":"publish","type":"page","link":"https:\/\/www.retrosisters.fi\/?page_id=76","title":{"rendered":"Kalenteri"},"content":{"rendered":"\r\n<p><strong><span style=\"font-size: 16px;\">2024 kalenteri<\/span><\/strong><\/p>\r\n<p><strong>\u2022 Pe 19.7.2024 klo 18 Airakselan seurantalo<br \/><\/strong>Airakselantie 591, Airaksela<br \/>Liput 20 \u20ac ovelta<br \/>Iltamat <strong>Eki Liikanen<\/strong> ja tanssit RetroSisters&amp;bros<\/p>\r\n<p><strong>\u2022 Ti 23.7.2024 klo 18 Karjalohjan seuraintalo<br \/><\/strong>Koivu ja t\u00e4hti -festivaali, Karjalohja<br \/>Liput 30 \u20ac<br \/>Lis\u00e4tiedot ja liput Aino Ackt\u00e9n kamarifestivaalin sivuilla\u00a0<br \/><a href=\"https:\/\/acktefestival.fi\/events\/retrosisters-valoa-ikkunassa-2\/\" target=\"_blank\" rel=\"noopener\">https:\/\/acktefestival.fi\/events\/retrosisters-valoa-ikkunassa-2\/<\/a><\/p>\r\n<p>&nbsp;<\/p>\r\n<p><span style=\"font-size: 16px;\"><strong>2023 kalenteri<\/strong><\/span><\/p>\r\n<p><strong>\u2022 SU 3.12.2023 klo 16 Vantaan maatalousmuseo<br \/><\/strong><span style=\"font-size: 1rem;\">Kulttuuriyhdistys Valvo ry:n j\u00e4rjest\u00e4m\u00e4 konsertti &#8211; &#8221;Pian On Joulu&#8221;<\/span><strong><br \/><\/strong>Vapaa p\u00e4\u00e4sy<\/p>\r\n<p><strong>\u2022 Su 15.10.2023 klo 17 <\/strong><span style=\"font-size: 1rem;\"><strong>Riihim\u00e4en taidemuseo<br \/><\/strong>Hyv\u00e4ntekev\u00e4isyyskonsertti &#8211; Yst\u00e4vien ketju<br \/><\/span>Temppelikatu 8, Riihim\u00e4ki<br \/>Liput 25 \u20ac<\/p>\r\n<p><strong>\u2022 Ke 4.10.2023 klo 18 <br \/>&#8221;S\u00e4g det i toner &#8211; alls\u00e5ngskonsert med RetroSisters&#8221;<br \/><\/strong>Vind\u00e4ngensali \/ Folkh\u00e4lsantalon ravintola<strong><br \/><\/strong>Tuulikuja 6 B, Espoo<br \/>Lis\u00e4tiedot: \u00a0<a href=\"https:\/\/www.espoo.fi\/fi\/tapahtumat\/espooevents:ageez54zia\" target=\"_blank\" rel=\"noopener\">https:\/\/www.espoo.fi\/fi\/tapahtumat\/espooevents:ageez54zia<\/a><\/p>\r\n<p><strong>\u2022 Ke 13.9.2023 klo 19 Balderin sali<\/strong> \u00a0<br \/>Aleksanterinkatu 12, Helsinki<br \/>Liput 25 \u20ac<br \/>&#8221;Valoa ikkunassa&#8221; konsertti<br \/>Aino Ackt\u00e9n kamarifestivaali ry<br \/>Liput ja lis\u00e4tietoja: <a href=\"https:\/\/acktefestival.fi\/events\/retrosisters-valoa-ikkunassa\/\" target=\"_blank\" rel=\"noopener\">https:\/\/acktefestival.fi\/events\/retrosisters-valoa-ikkunassa\/<\/a><\/p>\r\n<p><strong>\u2022 Su 6.8.2023 klo 15.00 Hotelli Tammer<br \/><\/strong>Satakunnankatu 13, Tampere<br \/>Liput 20 \u20ac &#8211; 45 \u20ac<br \/>P\u00e4iv\u00e4kahvikonsertti &#8221;Sulle salaisuuden kertoa m\u00e4 voisin&#8221;<br \/>Tampereen Wanhankaupungin juhla<strong><br \/><\/strong>Liput ja lis\u00e4tietoja: <strong><a href=\"https:\/\/www.wkjuhla.fi\/su-6-8-2022-15-00-hotelli-tammer\" target=\"_blank\" rel=\"noopener\">https:\/\/www.wkjuhla.fi\/su-6-8-2022-15-00-hotelli-tammer<\/a><\/strong><\/p>\r\n<p><strong>\u2022 La 29.7.2023 klo 19.00 Ut\u00f6 Havshotel<br \/><\/strong>&#8221;Bl\u00e5 hav &#8211; laulu merelle&#8221;<br \/>Liput 5 \u20ac ja halutessasi voit lahjoittaa enemm\u00e4nkin, koska lipputulot lahjoitetaan lyhent\u00e4m\u00e4tt\u00f6m\u00e4n\u00e4 El\u00e4v\u00e4 It\u00e4meri s\u00e4\u00e4ti\u00f6lle<br \/>Linkki Havshotelin sivuille: <a href=\"https:\/\/www.utohotel.fi\" target=\"_blank\" rel=\"noopener\">https:\/\/www.utohotel.fi<\/a><\/p>\r\n<p><strong>\u2022 To 27.7.2023 klo 19.00 \u00a0Jurmo Inn<br \/><\/strong>Hinta 15 \u20ac, sis\u00e4lt\u00e4\u00e4 pienen iltapalan<strong><br \/><\/strong>Lis\u00e4tiedot: \u00a0<a href=\"https:\/\/www.facebook.com\/events\/260943553226124\/?active_tab=discussion\" target=\"_blank\" rel=\"noopener\">https:\/\/www.facebook.com\/events\/260943553226124\/?active_tab=discussion<\/a><br \/>Linkki Jurmo Inn:\u00a0<a href=\"https:\/\/jurmoinn.fi\/index.html\" target=\"_blank\" rel=\"noopener\">https:\/\/jurmoinn.fi\/index.html<\/a><\/p>\r\n<p><strong>\u2022 Ke 4.1.2023 klo 15-17\u00a0Oopperan teetanssit<br \/><\/strong>Oopperatalon p\u00e4\u00e4l\u00e4mpi\u00f6ss\u00e4, Helsinginkatu 58<br \/>Vapaa p\u00e4\u00e4sy<br \/>Oopperan teetanssit suoratoistetaan verkon v\u00e4lityksell\u00e4<br \/><a href=\"https:\/\/oopperabaletti.fi\/live\/\" target=\"_blank\" rel=\"noopener\">https:\/\/oopperabaletti.fi\/live\/<\/a><\/p>\r\n<p>&nbsp;<\/p>\r\n<p><span style=\"font-size: 16px;\"><strong>2022 kalenteri<\/strong><\/span><\/p>\r\n<p><strong>\u2022 Pe 28.10.2022 klo 15 konsertti &#8221;Valoa ikkunassa&#8221; <\/strong><br \/>Malmisali, Ala-Malmin tori 1, Helsinki<br \/>Liput 13\u20ac \/ 8\u20ac<br \/>Lis\u00e4tietoja:\u00a0<br \/><a href=\"http:\/\/www.malmitalo.fi\/fi\/tapahtumat\/event\/0B7E54DA08F781A869EAE5E6B39C871B\/RetroSisters___bros\" target=\"_blank\" rel=\"noopener\">http:\/\/www.malmitalo.fi\/fi\/tapahtumat\/event\/0B7E54DA08F781A869EAE5E6B39C871B\/RetroSisters___bros<\/a><\/p>\r\n<p><strong>\u2022\u00a0Su 23.10.2022 klo 14-15 \u00a0Hakasalmen huvila<\/strong><br \/>&#8221;Onnekas rakkaus ja tuskakin tumma&#8230;&#8221; Luentokonsertti Maarit Niiniluodon kanssa<br \/>Mannerheimintie 13b, Helsinki<br \/>Museon sis\u00e4\u00e4np\u00e4\u00e4symaksu<br \/>Lis\u00e4tietoja:<br \/><a href=\"https:\/\/hakasalmenhuvila.fi\/tapahtumat\/onnekas-rakkaus-ja-tuskakin-tumma\/\" target=\"_blank\" rel=\"noopener\">https:\/\/hakasalmenhuvila.fi\/tapahtumat\/onnekas-rakkaus-ja-tuskakin-tumma\/<\/a><\/p>\r\n<p><strong>\u2022 Ti 4.10.2022 klo 14-16 Armas-festivaali\/ Tanssin talon Pannuhalli<br \/><\/strong>Lis\u00e4tietoja:<br \/><a href=\"https:\/\/armasfestivaali.fi\/uutisia\/armas-festivaali-ja-tanssin-talo-juhlistavat-ikaantymista-huikeilla-lavatansseilla-4-10-2022-klo-14-16\/\" target=\"_blank\" rel=\"noopener\">https:\/\/armasfestivaali.fi\/uutisia\/armas-festivaali-ja-tanssin-talo-juhlistavat-ikaantymista-huikeilla-lavatansseilla-4-10-2022-klo-14-16\/<\/a><\/p>\r\n<p>\u2022 <strong>Ke 5.1.2022 klo 15-17\u00a0Oopperan teetanssit<\/strong><br \/>Teetansseihin ei voi toistaiseksi osallistua paikan p\u00e4\u00e4ll\u00e4. <br \/>Suora l\u00e4hetys Oopperan ja Baletin Stage24-palvelussa.<strong><br \/><\/strong><strong><a href=\"https:\/\/oopperabaletti.fi\/live\/\" target=\"_blank\" rel=\"noopener\">https:\/\/oopperabaletti.fi\/live\/<\/a><br \/><\/strong><\/p>\r\n<p>&nbsp;<\/p>\r\n<p><span style=\"font-size: 16px;\"><strong>2021 kalenteri<\/strong><\/span><\/p>\r\n<p><strong>\u2022 To 23.9.2021 klo 19.00 Caf\u00e9 Sonck<\/strong> (uusi konserttip\u00e4iv\u00e4)<strong><br \/><\/strong>&#8221;Kuin t\u00e4hden lento vaan on kulku onnen parhaan&#8221;<br \/>Ikivihreit\u00e4 iskelmi\u00e4 vuosilta 1937-1955, laulujen taustoista kertoo Maarit Niiniluoto.<br \/>Aino Ackt\u00e9n kamarifestivaali ry<br \/>Kallion kirkko, It\u00e4inen papinkatu 2, Helsinki\u00a0<br \/>Lis\u00e4tietoja:<br \/><a href=\"https:\/\/acktefestival.fi\/Ohjelma\/kuin-tahden-lento-vaan-on-kulku-onnen-parhaan\/\" target=\"_blank\" rel=\"noopener\">https:\/\/acktefestival.fi\/Ohjelma\/kuin-tahden-lento-vaan-on-kulku-onnen-parhaan\/<\/a><br \/><br \/>liput 20 \u20ac<br \/>Kesto 75 min<\/p>\r\n<p>&nbsp;<\/p>\r\n<p><span style=\"font-size: 16px;\"><strong>2020 kalenteri<\/strong><\/span><\/p>\r\n<p><strong>\u2022 \u00a0Ke 4.3.2020 klo 15.00 \u00a0Oopperan teetanssit<\/strong><br \/>Suomen kansallisoopperan p\u00e4\u00e4l\u00e4mpi\u00f6<br \/>(Katsottavissa my\u00f6s suorana l\u00e4hetyksen\u00e4 Oopperan ja Baletin Stage24-palvelussa)<br \/>Vapaa p\u00e4\u00e4sy<\/p>\r\n<p><strong>\u2022 \u00a0Su 26.4.2020 klo 14 Hakasalmen huvila\u00a0<br \/><\/strong>Mannerheimintie 13 B, Helsinki<br \/><strong>KONSERTTI PERUTTU KORONAVIRUSEPIDEMIAN TAKIA<\/strong><\/p>\r\n<p><strong>\u2022 \u00a0Pe 12.6.2020 klo 18-19 &#8221;Kerranpa lempeen taipuu syd\u00e4n tuo kylm\u00e4kin&#8230;&#8221;<\/strong><br \/>Helsinkip\u00e4iv\u00e4 verkossa tapahtumassa ( www.helsinkikanava.fi)<br \/>Ohjelmistoa sota-ajalta Hakasalmen huvilan Mieliala-n\u00e4yttelyn hengess\u00e4. <br \/>Suomalaisen viihteen historioitsija Maarit Niiniluoto kertoo laulujen taustoista ja aikakaudesta.<br \/><a href=\"https:\/\/www.helsinkikanava.fi\/fi\/web\/helsinkikanava\/player\/webcast?playerId=31375564&amp;eventId=58199309\" target=\"_blank\" rel=\"noopener noreferrer\">https:\/\/www.helsinkikanava.fi\/fi\/web\/helsinkikanava\/player\/webcast?playerId=31375564&amp;eventId=58199309<\/a><\/p>\r\n<p><strong>\u2022 \u00a0To 18.6.2020 -31.7.2020 Espan lava Virtual Open Stage -konserttisarjassa<br \/><\/strong>Voit kuunnella konserttinauhoituksen alla olevaa osoitetta klikkaamalla ja valitsemalla sivulla olevasta mustasta laatikosta YouTube\u00a0<br \/><a href=\"http:\/\/www.espanlava.fi\/fi\/tapahtumat\/event\/DE619517F0CCF51857226363C323D91A\/Retrosisters\" target=\"_blank\" rel=\"noopener noreferrer\">http:\/\/www.espanlava.fi\/fi\/tapahtumat\/event\/DE619517F0CCF51857226363C323D91A\/Retrosisters<\/a><\/p>\r\n<p><strong>\u2022 \u00a0Pe 4.9.2020 klo 17.00 Espan lava<br \/><\/strong>Pohjoisesplanadi 1, Helsinki eli Espan lava sijaitsee Esplanadin puistossa ravintola Kappelia vastap\u00e4\u00e4t\u00e4.<br \/>Vapaa p\u00e4\u00e4sy<\/p>\r\n<p>&nbsp;<\/p>\r\n<p><span style=\"font-size: 16px;\"><strong>2019 kalenteri<\/strong><\/span><\/p>\r\n<p style=\"text-align: left;\">\u2022 \u00a0Oopperan teetanssit \u00a0<strong>ke\u00a06.3.2019 klo 15-17<\/strong><br \/>\u00a0(Katsottavissa my\u00f6s live striimauksena)<br \/>\u00a0Vapaa p\u00e4\u00e4sy<\/p>\r\n<p>\u2022 \u00a0Kanneltalo, Helsinkip\u00e4iv\u00e4n tanssit\u00a0<strong>\u00a0ke 12.6.2019 klo 13.00-14.15<br \/><\/strong>Klaneettitie 5, Helsinki<\/p>\r\n<p style=\"text-align: center;\">\r\n\r\n<\/p>\r\n<p style=\"text-align: center;\">\r\n\r\n<\/p>\r\n<p style=\"text-align: center;\">\r\n\r\n<\/p>\r\n<p style=\"text-align: left;\">\u2022 \u00a0Ut\u00f6 Havshotell \u00a0<strong>la\u00a027.7.2019 klo 21<br \/>\u2022 <\/strong>\u00a0Ut\u00f6 B\u00f6nehuset \u00a0<strong>su 28.7.2019 klo 19<br \/><\/strong><strong><br \/><\/strong>\u2022 \u00a0Aino Act\u00e9n kamarifestivaali\u00a0<strong>\u00a0ke 21.8.2019 klo 19<\/strong>\u00a0<br \/>Caf\u00e9 Sonck,\u00a0It\u00e4inen papinkatu 2, <br \/>Helsinki \/\u00a0Kallion kirkko <br \/>liput 20 \u20ac<\/p>\r\n<p>\u2022 \u00a0Hakasalmen huvila <strong>su<\/strong>\u00a0<strong>1.9.2019 klo 14<br \/><\/strong>Mannerheimintie 13 B, Helsinki<\/p>\r\n<p>\u2022 \u00a0Kangasniemisali \u00a0<strong>su<\/strong>\u00a0<strong>15.9.2019 klo 15<br \/><\/strong>Otto Mannisentie 2, Kangasniemi<br \/>liput 15 \u20ac<\/p>\r\n<p>\u2022 \u00a0Nyg\u00e5rds <strong>la 26.10.2019 klo 18<br \/><\/strong>Uunirinne 2, Vantaa<br \/>liput 15 \u20ac<\/p>\r\n<p>\u2022 \u00a0Ekberg Bulevardi 9 LIVE <strong>to 31.10.2019 klo 17-20<br \/><\/strong>Ekberg, Bulevardi 9, Helsinki<\/p>\r\n<p>\u2022 \u00a0Vantaan maatalousmuseo<strong> su\u00a01.12.2019 klo 17<br \/><\/strong>Nybackankuja 2, Vantaa<\/p>\r\n<p>\u2022 \u00a0Sellosalin l\u00e4mpi\u00f6<strong> ti<\/strong>\u00a0<strong>17.12.2019 klo 13.30<br \/><\/strong>Soittoniekanaukio 1 A, Espoo<br \/><br \/><\/p>","protected":false},"excerpt":{"rendered":"<p>2024 kalenteri \u2022 Pe 19.7.2024 klo 18 Airakselan seurantaloAirakselantie 591, AirakselaLiput 20 \u20ac oveltaIltamat Eki Liikanen ja tanssit RetroSisters&amp;bros \u2022 Ti 23.7.2024 klo 18 Karjalohjan seuraintaloKoivu ja t\u00e4hti -festivaali, KarjalohjaLiput 30 \u20acLis\u00e4tiedot ja liput Aino Ackt\u00e9n kamarifestivaalin sivuilla\u00a0https:\/\/acktefestival.fi\/events\/retrosisters-valoa-ikkunassa-2\/ &nbsp; 2023 kalenteri \u2022 SU 3.12.2023 klo 16 Vantaan maatalousmuseoKulttuuriyhdistys Valvo ry:n j\u00e4rjest\u00e4m\u00e4 konsertti &#8211; &#8221;Pian On [&hellip;]<\/p>\n","protected":false},"author":1,"featured_media":0,"parent":0,"menu_order":0,"comment_status":"closed","ping_status":"closed","template":"","meta":{"footnotes":""},"class_list":["post-76","page","type-page","status-publish","hentry"],"_links":{"self":[{"href":"https:\/\/www.retrosisters.fi\/index.php?rest_route=\/wp\/v2\/pages\/76","targetHints":{"allow":["GET"]}}],"collection":[{"href":"https:\/\/www.retrosisters.fi\/index.php?rest_route=\/wp\/v2\/pages"}],"about":[{"href":"https:\/\/www.retrosisters.fi\/index.php?rest_route=\/wp\/v2\/types\/page"}],"author":[{"embeddable":true,"href":"https:\/\/www.retrosisters.fi\/index.php?rest_route=\/wp\/v2\/users\/1"}],"replies":[{"embeddable":true,"href":"https:\/\/www.retrosisters.fi\/index.php?rest_route=%2Fwp%2Fv2%2Fcomments&post=76"}],"version-history":[{"count":95,"href":"https:\/\/www.retrosisters.fi\/index.php?rest_route=\/wp\/v2\/pages\/76\/revisions"}],"predecessor-version":[{"id":1156,"href":"https:\/\/www.retrosisters.fi\/index.php?rest_route=\/wp\/v2\/pages\/76\/revisions\/1156"}],"wp:attachment":[{"href":"https:\/\/www.retrosisters.fi\/index.php?rest_route=%2Fwp%2Fv2%2Fmedia&parent=76"}],"curies":[{"name":"wp","href":"https:\/\/api.w.org\/{rel}","templated":true}]}}