{"id":39,"date":"2019-03-16T11:28:23","date_gmt":"2019-03-16T11:28:23","guid":{"rendered":"http:\/\/www.retrosisters.fi\/?page_id=39"},"modified":"2022-08-08T15:32:43","modified_gmt":"2022-08-08T15:32:43","slug":"meista","status":"publish","type":"page","link":"https:\/\/www.retrosisters.fi\/","title":{"rendered":"Lauluyhtye RetroSisters"},"content":{"rendered":"\r\n<p>RetroSisters kiid\u00e4tt\u00e4\u00e4 kuulijansa hyv\u00e4ntuulisella otteella menneeseen aikaan.<\/p>\r\n<p>Tilaa meid\u00e4t esiintym\u00e4\u00e4n juhliisi. Saat juuri tilaisuuteesi sopivan ohjelman. Pienest\u00e4 ja kotoisasta vaikkapa kokonaiseen konserttiin.<\/p>\r\n<p>Lauluyhtye RetroSisters sai alkunsa vuonna 2016, kun hyv\u00e4t yst\u00e4v\u00e4t ja Suomen Kansallisoopperan laulajat Heli N\u00e4rhi, Katriina Kerppola ja Tiina Sinkkonen huomasivat pit\u00e4v\u00e4ns\u00e4 oopperamusiikin lis\u00e4ksi paljon my\u00f6s vanhoista iskelmist\u00e4 ja siit\u00e4 miten hienosti Harmony Sisters ja Metro-tyt\u00f6t on niit\u00e4 aikoinaan esitt\u00e4nyt. Syksyst\u00e4 2017 Tiinan tilalla matalinta \u00e4\u00e4nt\u00e4 yhtyeess\u00e4 on laulanut Sirpa Nuuttila, niin ik\u00e4\u00e4n Helin, Katriinan ja Tiinan laulukollega Oopperalta. Kes\u00e4ll\u00e4 2022 Helin tilalle laulamaan ylint\u00e4 \u00e4\u00e4nt\u00e4 tuli Laura Liikanen.\u00a0<br \/>Pianistimme Jussi Miilunpalo, kolmi\u00e4\u00e4nisten laulujen sovitusten tekij\u00e4 Juha Lehmus ja \u00e4\u00e4nitykset ja niiden miksaukset tehnyt Juhana Suninen ovat my\u00f6s laulukollegoitamme Suomen Kansallisoopperasta.\u00a0<\/p>\r\n<p>\r\n\r\n<\/p>\r\n<p>\r\n\r\n<\/p>\r\n<p>\r\n\r\n<\/p>\r\n<p>Olemme esiintyneet triona mm. Ilokuvafestivaaleilla, Malmitalossa, Oopperan teetansseissa, Vantaan Teatterin Silkkisalissa ja Tukholman suomalaisessa kirkossa.\u00a0<br \/>Ohjelmistossamme on kotimaisia sek\u00e4 ulkomaisia iskelmi\u00e4 aina 1920-luvulta 1960-luvulle.\u00a0Esiinnymme sek\u00e4 pianon, harmonikan, ett\u00e4 orkesterin s\u00e4estyksell\u00e4. Yhteisty\u00f6ss\u00e4 pianisti-laulaja Jussi Miilunpalon, basisti Tapio Lydekenin, rumpali Ville Liikasen ja Classic Stars orkesterin kanssa.<\/p>\r\n<p>\r\n\r\n<\/p>\r\n<p>Harmony Sisters, Metro-tyt\u00f6t sek\u00e4 monet muut entisaikojen t\u00e4hdet ovat palanen Suomen historiaa ja kuuluvat ikivihrein\u00e4 suomalaisten syd\u00e4miin ja olemme saaneet iloksemme todeta,\u00a0ett\u00e4 n\u00e4iden kappaleiden uudelleentulemiselle on ollut tilauksensa.<\/p>\r\n<p>&nbsp;<\/p>\r\n<p>&nbsp;<\/p>\r\n<p>\r\n\r\n<\/p>\r\n<p>&nbsp;<\/p>\r\n<p><\/p>","protected":false},"excerpt":{"rendered":"<p>RetroSisters kiid\u00e4tt\u00e4\u00e4 kuulijansa hyv\u00e4ntuulisella otteella menneeseen aikaan. Tilaa meid\u00e4t esiintym\u00e4\u00e4n juhliisi. Saat juuri tilaisuuteesi sopivan ohjelman. Pienest\u00e4 ja kotoisasta vaikkapa kokonaiseen konserttiin. Lauluyhtye RetroSisters sai alkunsa vuonna 2016, kun hyv\u00e4t yst\u00e4v\u00e4t ja Suomen Kansallisoopperan laulajat Heli N\u00e4rhi, Katriina Kerppola ja Tiina Sinkkonen huomasivat pit\u00e4v\u00e4ns\u00e4 oopperamusiikin lis\u00e4ksi paljon my\u00f6s vanhoista iskelmist\u00e4 ja siit\u00e4 miten hienosti Harmony [&hellip;]<\/p>\n","protected":false},"author":1,"featured_media":0,"parent":0,"menu_order":0,"comment_status":"closed","ping_status":"closed","template":"","meta":{"footnotes":""},"class_list":["post-39","page","type-page","status-publish","hentry"],"_links":{"self":[{"href":"https:\/\/www.retrosisters.fi\/index.php?rest_route=\/wp\/v2\/pages\/39","targetHints":{"allow":["GET"]}}],"collection":[{"href":"https:\/\/www.retrosisters.fi\/index.php?rest_route=\/wp\/v2\/pages"}],"about":[{"href":"https:\/\/www.retrosisters.fi\/index.php?rest_route=\/wp\/v2\/types\/page"}],"author":[{"embeddable":true,"href":"https:\/\/www.retrosisters.fi\/index.php?rest_route=\/wp\/v2\/users\/1"}],"replies":[{"embeddable":true,"href":"https:\/\/www.retrosisters.fi\/index.php?rest_route=%2Fwp%2Fv2%2Fcomments&post=39"}],"version-history":[{"count":22,"href":"https:\/\/www.retrosisters.fi\/index.php?rest_route=\/wp\/v2\/pages\/39\/revisions"}],"predecessor-version":[{"id":1056,"href":"https:\/\/www.retrosisters.fi\/index.php?rest_route=\/wp\/v2\/pages\/39\/revisions\/1056"}],"wp:attachment":[{"href":"https:\/\/www.retrosisters.fi\/index.php?rest_route=%2Fwp%2Fv2%2Fmedia&parent=39"}],"curies":[{"name":"wp","href":"https:\/\/api.w.org\/{rel}","templated":true}]}}